{"id":11373,"date":"2024-02-22T13:27:08","date_gmt":"2024-02-22T12:27:08","guid":{"rendered":"https:\/\/www.ebroresilience.com\/participate\/participation-and-life-capabilities\/public-participation\/informative-actions\/"},"modified":"2024-05-17T08:15:50","modified_gmt":"2024-05-17T06:15:50","slug":"informative-actions","status":"publish","type":"page","link":"https:\/\/ebroresilience-pre.tragsatec.es\/en\/participate\/participation-and-life-capabilities\/public-participation\/informative-actions\/","title":{"rendered":"Informative Actions"},"content":{"rendered":"\t\t<div data-elementor-type=\"wp-page\" data-elementor-id=\"11373\" class=\"elementor elementor-11373 elementor-9993\" data-elementor-post-type=\"page\">\n\t\t\t\t\t\t<section class=\"has_eae_slider elementor-section elementor-top-section elementor-element elementor-element-a24a544 elementor-section-boxed elementor-section-height-default elementor-section-height-default\" data-eae-slider=\"79698\" data-id=\"a24a544\" data-element_type=\"section\" data-e-type=\"section\">\n\t\t\t\t\t\t<div class=\"elementor-container elementor-column-gap-default\">\n\t\t\t\t\t<div class=\"has_eae_slider elementor-column elementor-col-100 elementor-top-column elementor-element elementor-element-ffbcaa3\" data-eae-slider=\"58934\" data-id=\"ffbcaa3\" data-element_type=\"column\" data-e-type=\"column\">\n\t\t\t<div class=\"elementor-widget-wrap elementor-element-populated\">\n\t\t\t\t\t\t<div class=\"elementor-element elementor-element-63b8cd1 elementor-widget elementor-widget-text-editor\" data-id=\"63b8cd1\" data-element_type=\"widget\" data-e-type=\"widget\" data-widget_type=\"text-editor.default\">\n\t\t\t\t<div class=\"elementor-widget-container\">\n\t\t\t\t\t\t\t\t\t<h1><strong><u>Informative actions<\/u><\/strong><\/h1>\n<p>The objective of the informative actions is to inform stakeholders and the general public about the different actions of the project, promoting their subsequent involvement.<\/p>\n<p>They are carried out at different times depending on the needs that arise during project implementation.<\/p>\n<p>The informative actions carried out and planned are as follows:<\/p>\n\t\t\t\t\t\t\t\t<\/div>\n\t\t\t\t<\/div>\n\t\t\t\t\t<\/div>\n\t\t<\/div>\n\t\t\t\t\t<\/div>\n\t\t<\/section>\n\t\t\t\t<section class=\"has_eae_slider elementor-section elementor-top-section elementor-element elementor-element-5790392 elementor-section-boxed elementor-section-height-default elementor-section-height-default\" data-eae-slider=\"74779\" data-id=\"5790392\" data-element_type=\"section\" data-e-type=\"section\">\n\t\t\t\t\t\t<div class=\"elementor-container elementor-column-gap-default\">\n\t\t\t\t\t<div class=\"has_eae_slider elementor-column elementor-col-66 elementor-top-column elementor-element elementor-element-e08ecb7\" data-eae-slider=\"19500\" data-id=\"e08ecb7\" data-element_type=\"column\" data-e-type=\"column\">\n\t\t\t<div class=\"elementor-widget-wrap elementor-element-populated\">\n\t\t\t\t\t\t<div class=\"elementor-element elementor-element-104c1ab elementor-widget elementor-widget-text-editor\" data-id=\"104c1ab\" data-element_type=\"widget\" data-e-type=\"widget\" data-widget_type=\"text-editor.default\">\n\t\t\t\t<div class=\"elementor-widget-container\">\n\t\t\t\t\t\t\t\t\t<div><div><h2><b><span style=\"color: #000000;\">1. Informative materials.<\/span><\/b><\/h2><\/div><\/div><ul><li>Brochures<ul><li><a href=\"https:\/\/www.ebroresilience.com\/wp-content\/uploads\/2023\/10\/FOLLETO-GENERAL-PROYECTO-LIFE.pdf\">General project brochure<\/a><\/li><li><a href=\"https:\/\/www.ebroresilience.com\/wp-content\/uploads\/2023\/02\/FOLLETO_PLAN_PARTICIPACION.pdf\">Public Participation Plan Brochure<\/a><\/li><li><a href=\"https:\/\/www.ebroresilience.com\/wp-content\/uploads\/2023\/05\/PLAN_FORTALECIMIENTO.pdf\">Social Capacity Building Plan Brochure<\/a><\/li><\/ul><\/li><li>Information panels on actions<\/li><\/ul>\t\t\t\t\t\t\t\t<\/div>\n\t\t\t\t<\/div>\n\t\t\t\t\t<\/div>\n\t\t<\/div>\n\t\t\t\t<div class=\"has_eae_slider elementor-column elementor-col-33 elementor-top-column elementor-element elementor-element-e86711e\" data-eae-slider=\"4276\" data-id=\"e86711e\" data-element_type=\"column\" data-e-type=\"column\">\n\t\t\t<div class=\"elementor-widget-wrap elementor-element-populated\">\n\t\t\t\t\t\t<div class=\"elementor-element elementor-element-4d75df1 elementor-widget elementor-widget-image\" data-id=\"4d75df1\" data-element_type=\"widget\" data-e-type=\"widget\" data-widget_type=\"image.default\">\n\t\t\t\t<div class=\"elementor-widget-container\">\n\t\t\t\t\t\t\t\t\t\t\t\t\t\t\t<img fetchpriority=\"high\" decoding=\"async\" width=\"576\" height=\"500\" src=\"https:\/\/ebroresilience-pre.tragsatec.es\/wp-content\/uploads\/2024\/05\/3b247rph-576x500.png\" class=\"attachment-portfolio-mf-w size-portfolio-mf-w wp-image-10886\" alt=\"Mochila y folletos de participaci\u00f3n y fortalecimiento de capacidades sociales\" \/>\t\t\t\t\t\t\t\t\t\t\t\t\t\t\t<\/div>\n\t\t\t\t<\/div>\n\t\t\t\t\t<\/div>\n\t\t<\/div>\n\t\t\t\t\t<\/div>\n\t\t<\/section>\n\t\t\t\t<section class=\"has_eae_slider elementor-section elementor-top-section elementor-element elementor-element-9eb39be elementor-section-boxed elementor-section-height-default elementor-section-height-default\" data-eae-slider=\"95016\" data-id=\"9eb39be\" data-element_type=\"section\" data-e-type=\"section\">\n\t\t\t\t\t\t<div class=\"elementor-container elementor-column-gap-default\">\n\t\t\t\t\t<div class=\"has_eae_slider elementor-column elementor-col-66 elementor-top-column elementor-element elementor-element-9f5a54f\" data-eae-slider=\"41857\" data-id=\"9f5a54f\" data-element_type=\"column\" data-e-type=\"column\">\n\t\t\t<div class=\"elementor-widget-wrap elementor-element-populated\">\n\t\t\t\t\t\t<div class=\"elementor-element elementor-element-d37ce5b elementor-widget elementor-widget-text-editor\" data-id=\"d37ce5b\" data-element_type=\"widget\" data-e-type=\"widget\" data-widget_type=\"text-editor.default\">\n\t\t\t\t<div class=\"elementor-widget-container\">\n\t\t\t\t\t\t\t\t\t<h2><span style=\"color: #000000;\"><span style=\"font-weight: bold;\">2. Local presentations.<\/span><\/span><\/h2>\n<ul>\n<li><a href=\"https:\/\/www.ebroresilience.com\/actualidad\/planparticipacionlife\/\">Presentation of the Participation Plan. 19\/10\/2022.<\/a><\/li>\n<\/ul>\n<ul>\n<li><a href=\"https:\/\/www.ebroresilience.com\/actualidad\/life-jornada-de-presentacion-virtual-del-plan-de-fortalecimiento-de-capacidades-del-proyecto-life-ebro-resilience-p1\/\">Presentation of the Social Capacity Building Plan. 15\/02\/2023.<\/a><\/li>\n<li><a href=\"https:\/\/www.ebroresilience.com\/actualidad\/life-jornada-y-visita-informativa-sobre-las-actuaciones-previstas-en-el-meandro-de-el-senorio-en-castejon\/\">Informative day on the actions foreseen in the meander of El Se\u00f1or\u00edo in Castej\u00f3n. 07\/09\/2023.<\/a><\/li>\n<\/ul>\n\t\t\t\t\t\t\t\t<\/div>\n\t\t\t\t<\/div>\n\t\t\t\t\t<\/div>\n\t\t<\/div>\n\t\t\t\t<div class=\"has_eae_slider elementor-column elementor-col-33 elementor-top-column elementor-element elementor-element-21034e3\" data-eae-slider=\"67471\" data-id=\"21034e3\" data-element_type=\"column\" data-e-type=\"column\">\n\t\t\t<div class=\"elementor-widget-wrap elementor-element-populated\">\n\t\t\t\t\t\t<div class=\"elementor-element elementor-element-592fbb4 elementor-widget elementor-widget-image\" data-id=\"592fbb4\" data-element_type=\"widget\" data-e-type=\"widget\" data-widget_type=\"image.default\">\n\t\t\t\t<div class=\"elementor-widget-container\">\n\t\t\t\t\t\t\t\t\t\t\t\t\t\t\t<img decoding=\"async\" width=\"1024\" height=\"610\" src=\"https:\/\/ebroresilience-pre.tragsatec.es\/wp-content\/uploads\/2023\/09\/JORNADA-EL-SENORIO-07-09-2023_02-1024x610.jpg\" class=\"attachment-large size-large wp-image-8347\" alt=\"Jornada divulgativa celebrada en el Museo de Castej\u00f3n, Navarra, sobre el meandro de El Se\u00f1or\u00edo\" srcset=\"https:\/\/ebroresilience-pre.tragsatec.es\/wp-content\/uploads\/2023\/09\/JORNADA-EL-SENORIO-07-09-2023_02-1024x610.jpg 1024w, https:\/\/ebroresilience-pre.tragsatec.es\/wp-content\/uploads\/2023\/09\/JORNADA-EL-SENORIO-07-09-2023_02-300x179.jpg 300w, https:\/\/ebroresilience-pre.tragsatec.es\/wp-content\/uploads\/2023\/09\/JORNADA-EL-SENORIO-07-09-2023_02-768x458.jpg 768w, https:\/\/ebroresilience-pre.tragsatec.es\/wp-content\/uploads\/2023\/09\/JORNADA-EL-SENORIO-07-09-2023_02-1536x916.jpg 1536w, https:\/\/ebroresilience-pre.tragsatec.es\/wp-content\/uploads\/2023\/09\/JORNADA-EL-SENORIO-07-09-2023_02-2048x1221.jpg 2048w, https:\/\/ebroresilience-pre.tragsatec.es\/wp-content\/uploads\/2023\/09\/JORNADA-EL-SENORIO-07-09-2023_02-245x146.jpg 245w, https:\/\/ebroresilience-pre.tragsatec.es\/wp-content\/uploads\/2023\/09\/JORNADA-EL-SENORIO-07-09-2023_02-50x30.jpg 50w, https:\/\/ebroresilience-pre.tragsatec.es\/wp-content\/uploads\/2023\/09\/JORNADA-EL-SENORIO-07-09-2023_02-126x75.jpg 126w\" sizes=\"(max-width:767px) 480px, (max-width:1024px) 100vw, 1024px\" \/>\t\t\t\t\t\t\t\t\t\t\t\t\t\t\t<\/div>\n\t\t\t\t<\/div>\n\t\t\t\t\t<\/div>\n\t\t<\/div>\n\t\t\t\t\t<\/div>\n\t\t<\/section>\n\t\t\t\t<section class=\"has_eae_slider elementor-section elementor-top-section elementor-element elementor-element-0244d26 elementor-section-boxed elementor-section-height-default elementor-section-height-default\" data-eae-slider=\"72148\" data-id=\"0244d26\" data-element_type=\"section\" data-e-type=\"section\">\n\t\t\t\t\t\t<div class=\"elementor-container elementor-column-gap-default\">\n\t\t\t\t\t<div class=\"has_eae_slider elementor-column elementor-col-66 elementor-top-column elementor-element elementor-element-5f32276\" data-eae-slider=\"34915\" data-id=\"5f32276\" data-element_type=\"column\" data-e-type=\"column\">\n\t\t\t<div class=\"elementor-widget-wrap elementor-element-populated\">\n\t\t\t\t\t\t<div class=\"elementor-element elementor-element-91abc4f elementor-widget elementor-widget-text-editor\" data-id=\"91abc4f\" data-element_type=\"widget\" data-e-type=\"widget\" data-widget_type=\"text-editor.default\">\n\t\t\t\t<div class=\"elementor-widget-container\">\n\t\t\t\t\t\t\t\t\t<h2><span style=\"color: #000000;\"><br \/>\n  <span style=\"font-weight: bold;\">3. Informative visits to intervention areas<\/span><br \/>\n<\/span>.<\/h2>\n<ul style=\"font-style: normal; font-variant-ligatures: normal; font-variant-caps: normal; font-weight: 400; font-size: 16px; font-family: Roboto, sans-serif;\">\n<li><a href=\"https:\/\/www.ebroresilience.com\/participacion-visita-a-los-sotos-de-alfaro\/\">Visit to the Sotos de Alfaro with members of the Alfaro-Castej\u00f3n co-creation groups. 10\/11\/2022<\/a>.<\/li>\n<li>Visit to the Meandro de La Roza construction site with members of the Alfaro-Castej\u00f3n co-creation groups. 20\/02\/2023.<\/li>\n<li><a href=\"https:\/\/www.ebroresilience.com\/en\/life-in-the-field-visit-to-the-osera-fuentes-section-zaragoza-with-co-creation-groups\/\">Visit to the intervention area of Osera de Ebro &#8211; Fuentes de Ebro.<\/a><a href=\"https:\/\/www.ebroresilience.com\/en\/life-in-the-field-visit-to-the-osera-fuentes-section-zaragoza-with-co-creation-groups\/\">The group has been working together with the members of the co-creation groups and the Aragon stable group. 18\/04\/2023<\/a>.<\/li>\n<\/ul>\n<ul style=\"font-style: normal; font-variant-ligatures: normal; font-variant-caps: normal; font-weight: 400; font-size: 16px; font-family: Roboto, sans-serif;\">\n<li>Visit to the Soto del Tamarigal with the members of the<br \/>Alfaro-Castej\u00f3n co-creation groups. 30\/08\/2023.<\/li>\n<li><a href=\"https:\/\/www.ebroresilience.com\/actualidad\/life-visita-divulgativa-al-meandro-de-el-senorio-en-castejon\/\">Informative visit to the Meander of El Se\u00f1or\u00edo in Castej\u00f3n. 05\/10\/2023.<\/a><\/li>\n<\/ul>\n\t\t\t\t\t\t\t\t<\/div>\n\t\t\t\t<\/div>\n\t\t\t\t\t<\/div>\n\t\t<\/div>\n\t\t\t\t<div class=\"has_eae_slider elementor-column elementor-col-33 elementor-top-column elementor-element elementor-element-36d3495\" data-eae-slider=\"57645\" data-id=\"36d3495\" data-element_type=\"column\" data-e-type=\"column\">\n\t\t\t<div class=\"elementor-widget-wrap elementor-element-populated\">\n\t\t\t\t\t\t<div class=\"elementor-element elementor-element-b3feb70 elementor-widget elementor-widget-image\" data-id=\"b3feb70\" data-element_type=\"widget\" data-e-type=\"widget\" data-widget_type=\"image.default\">\n\t\t\t\t<div class=\"elementor-widget-container\">\n\t\t\t\t\t\t\t\t\t\t\t\t\t\t\t<img decoding=\"async\" width=\"1024\" height=\"630\" src=\"https:\/\/ebroresilience-pre.tragsatec.es\/wp-content\/uploads\/2023\/10\/Explicacion-de-proyecto-en-el-Soto-1024x630.jpg\" class=\"attachment-large size-large wp-image-8549\" alt=\"Visita al Soto de Tamarigal, Soto de Alfaro (La Rioja)\" srcset=\"https:\/\/ebroresilience-pre.tragsatec.es\/wp-content\/uploads\/2023\/10\/Explicacion-de-proyecto-en-el-Soto-1024x630.jpg 1024w, https:\/\/ebroresilience-pre.tragsatec.es\/wp-content\/uploads\/2023\/10\/Explicacion-de-proyecto-en-el-Soto-300x185.jpg 300w, https:\/\/ebroresilience-pre.tragsatec.es\/wp-content\/uploads\/2023\/10\/Explicacion-de-proyecto-en-el-Soto-768x472.jpg 768w, https:\/\/ebroresilience-pre.tragsatec.es\/wp-content\/uploads\/2023\/10\/Explicacion-de-proyecto-en-el-Soto-1536x945.jpg 1536w, https:\/\/ebroresilience-pre.tragsatec.es\/wp-content\/uploads\/2023\/10\/Explicacion-de-proyecto-en-el-Soto-2048x1260.jpg 2048w, https:\/\/ebroresilience-pre.tragsatec.es\/wp-content\/uploads\/2023\/10\/Explicacion-de-proyecto-en-el-Soto-237x146.jpg 237w, https:\/\/ebroresilience-pre.tragsatec.es\/wp-content\/uploads\/2023\/10\/Explicacion-de-proyecto-en-el-Soto-50x31.jpg 50w, https:\/\/ebroresilience-pre.tragsatec.es\/wp-content\/uploads\/2023\/10\/Explicacion-de-proyecto-en-el-Soto-122x75.jpg 122w\" sizes=\"(max-width:767px) 480px, (max-width:1024px) 100vw, 1024px\" \/>\t\t\t\t\t\t\t\t\t\t\t\t\t\t\t<\/div>\n\t\t\t\t<\/div>\n\t\t\t\t\t<\/div>\n\t\t<\/div>\n\t\t\t\t\t<\/div>\n\t\t<\/section>\n\t\t\t\t<section class=\"has_eae_slider elementor-section elementor-top-section elementor-element elementor-element-104a786 elementor-section-boxed elementor-section-height-default elementor-section-height-default\" data-eae-slider=\"51923\" data-id=\"104a786\" data-element_type=\"section\" data-e-type=\"section\">\n\t\t\t\t\t\t<div class=\"elementor-container elementor-column-gap-default\">\n\t\t\t\t\t<div class=\"has_eae_slider elementor-column elementor-col-66 elementor-top-column elementor-element elementor-element-99de831\" data-eae-slider=\"76200\" data-id=\"99de831\" data-element_type=\"column\" data-e-type=\"column\">\n\t\t\t<div class=\"elementor-widget-wrap elementor-element-populated\">\n\t\t\t\t\t\t<div class=\"elementor-element elementor-element-3c39d82 elementor-widget elementor-widget-text-editor\" data-id=\"3c39d82\" data-element_type=\"widget\" data-e-type=\"widget\" data-widget_type=\"text-editor.default\">\n\t\t\t\t<div class=\"elementor-widget-container\">\n\t\t\t\t\t\t\t\t\t<h2><span style=\"color: #000000;\"><strong>4. Small informative meetings.<\/strong><\/span><\/h2>\n<ul>\n<li>Parliamentary visit from the Government of Navarra. 29\/03\/2022<\/li>\n<li>Informative meetings with Navarre city councils. 20\/06\/2022, 03\/05\/2023, 07\/08\/2023.<\/li>\n<li>Meetings with educational centers in the two zones to present the project, to share the suitcases and the didactic units.<\/li>\n<\/ul>\n\t\t\t\t\t\t\t\t<\/div>\n\t\t\t\t<\/div>\n\t\t\t\t\t<\/div>\n\t\t<\/div>\n\t\t\t\t<div class=\"has_eae_slider elementor-column elementor-col-33 elementor-top-column elementor-element elementor-element-db82e1b\" data-eae-slider=\"41617\" data-id=\"db82e1b\" data-element_type=\"column\" data-e-type=\"column\">\n\t\t\t<div class=\"elementor-widget-wrap elementor-element-populated\">\n\t\t\t\t\t\t<div class=\"elementor-element elementor-element-dc5d2ca elementor-widget elementor-widget-image\" data-id=\"dc5d2ca\" data-element_type=\"widget\" data-e-type=\"widget\" data-widget_type=\"image.default\">\n\t\t\t\t<div class=\"elementor-widget-container\">\n\t\t\t\t\t\t\t\t\t\t\t\t\t\t\t<img loading=\"lazy\" decoding=\"async\" width=\"1024\" height=\"768\" src=\"https:\/\/ebroresilience-pre.tragsatec.es\/wp-content\/uploads\/2024\/03\/accion_informativa2-1024x768.jpg\" class=\"attachment-large size-large wp-image-10321\" alt=\"\" srcset=\"https:\/\/ebroresilience-pre.tragsatec.es\/wp-content\/uploads\/2024\/03\/accion_informativa2-1024x768.jpg 1024w, https:\/\/ebroresilience-pre.tragsatec.es\/wp-content\/uploads\/2024\/03\/accion_informativa2-300x225.jpg 300w, https:\/\/ebroresilience-pre.tragsatec.es\/wp-content\/uploads\/2024\/03\/accion_informativa2-768x576.jpg 768w, https:\/\/ebroresilience-pre.tragsatec.es\/wp-content\/uploads\/2024\/03\/accion_informativa2-1536x1152.jpg 1536w, https:\/\/ebroresilience-pre.tragsatec.es\/wp-content\/uploads\/2024\/03\/accion_informativa2-195x146.jpg 195w, https:\/\/ebroresilience-pre.tragsatec.es\/wp-content\/uploads\/2024\/03\/accion_informativa2-50x38.jpg 50w, https:\/\/ebroresilience-pre.tragsatec.es\/wp-content\/uploads\/2024\/03\/accion_informativa2-100x75.jpg 100w, https:\/\/ebroresilience-pre.tragsatec.es\/wp-content\/uploads\/2024\/03\/accion_informativa2-960x720.jpg 960w, https:\/\/ebroresilience-pre.tragsatec.es\/wp-content\/uploads\/2024\/03\/accion_informativa2.jpg 2048w\" sizes=\"(max-width:767px) 480px, (max-width:1024px) 100vw, 1024px\" \/>\t\t\t\t\t\t\t\t\t\t\t\t\t\t\t<\/div>\n\t\t\t\t<\/div>\n\t\t\t\t\t<\/div>\n\t\t<\/div>\n\t\t\t\t\t<\/div>\n\t\t<\/section>\n\t\t\t\t<\/div>\n\t\t","protected":false},"excerpt":{"rendered":"<p>Informative actions The objective of the informative actions is to inform stakeholders and the general public about the different actions of the project, promoting their subsequent involvement. They are carried out at different times depending on the needs that arise<span class=\"excerpt-hellip\"> [\u2026]<\/span><\/p>\n","protected":false},"author":37,"featured_media":0,"parent":11351,"menu_order":0,"comment_status":"closed","ping_status":"closed","template":"","meta":{"_acf_changed":false,"ngg_post_thumbnail":0,"footnotes":""},"class_list":["post-11373","page","type-page","status-publish","hentry"],"acf":[],"_links":{"self":[{"href":"https:\/\/ebroresilience-pre.tragsatec.es\/en\/wp-json\/wp\/v2\/pages\/11373","targetHints":{"allow":["GET"]}}],"collection":[{"href":"https:\/\/ebroresilience-pre.tragsatec.es\/en\/wp-json\/wp\/v2\/pages"}],"about":[{"href":"https:\/\/ebroresilience-pre.tragsatec.es\/en\/wp-json\/wp\/v2\/types\/page"}],"author":[{"embeddable":true,"href":"https:\/\/ebroresilience-pre.tragsatec.es\/en\/wp-json\/wp\/v2\/users\/37"}],"replies":[{"embeddable":true,"href":"https:\/\/ebroresilience-pre.tragsatec.es\/en\/wp-json\/wp\/v2\/comments?post=11373"}],"version-history":[{"count":6,"href":"https:\/\/ebroresilience-pre.tragsatec.es\/en\/wp-json\/wp\/v2\/pages\/11373\/revisions"}],"predecessor-version":[{"id":11416,"href":"https:\/\/ebroresilience-pre.tragsatec.es\/en\/wp-json\/wp\/v2\/pages\/11373\/revisions\/11416"}],"up":[{"embeddable":true,"href":"https:\/\/ebroresilience-pre.tragsatec.es\/en\/wp-json\/wp\/v2\/pages\/11351"}],"wp:attachment":[{"href":"https:\/\/ebroresilience-pre.tragsatec.es\/en\/wp-json\/wp\/v2\/media?parent=11373"}],"curies":[{"name":"wp","href":"https:\/\/api.w.org\/{rel}","templated":true}]}}